{"id":230,"date":"2024-02-15T10:20:31","date_gmt":"2024-02-15T10:20:31","guid":{"rendered":"https:\/\/bjjewelpr.com\/?page_id=230"},"modified":"2024-11-18T19:50:53","modified_gmt":"2024-11-18T19:50:53","slug":"contact-us","status":"publish","type":"page","link":"https:\/\/bjjewelpr.com\/es\/contact-us\/","title":{"rendered":"Cont\u00e1ctenos"},"content":{"rendered":"<div data-elementor-type=\"wp-page\" data-elementor-id=\"230\" class=\"elementor elementor-230\">\n\t\t\t\t\t<div class=\"elementor-element elementor-element-1f355cc e-flex e-con-boxed e-con e-parent\" data-id=\"1f355cc\" data-element_type=\"container\" data-e-type=\"container\">\n\t\t\t\t\t<div class=\"e-con-inner\">\n\t\t\t\t<div class=\"elementor-element elementor-element-379e1f2 elementor-widget elementor-widget-et_breadcrumbs\" data-id=\"379e1f2\" data-element_type=\"widget\" data-e-type=\"widget\" data-widget_type=\"et_breadcrumbs.default\">\n\t\t\t\t<div class=\"elementor-widget-container\">\n\t\t\t\t\t<div class=\"et-breadcrumbs\"><\/div>\t\t\t\t<\/div>\n\t\t\t\t<\/div>\n\t\t\t\t<div class=\"elementor-element elementor-element-6e2581b elementor-widget elementor-widget-google_maps\" data-id=\"6e2581b\" data-element_type=\"widget\" data-e-type=\"widget\" data-widget_type=\"google_maps.default\">\n\t\t\t\t<div class=\"elementor-widget-container\">\n\t\t\t\t\t\t\t<div class=\"elementor-custom-embed\">\n\t\t\t<iframe loading=\"lazy\"\n\t\t\t\t\tsrc=\"https:\/\/maps.google.com\/maps?q=Urb%20San%20Rafael%20Caguas%20PR&#038;t=m&#038;z=16&#038;output=embed&#038;iwloc=near\"\n\t\t\t\t\ttitle=\"Urb San Rafael Caguas PR\"\n\t\t\t\t\taria-label=\"Urb San Rafael Caguas PR\"\n\t\t\t><\/iframe>\n\t\t<\/div>\n\t\t\t\t\t\t<\/div>\n\t\t\t\t<\/div>\n\t\t\t\t\t<\/div>\n\t\t\t\t<\/div>\n\t\t<div class=\"elementor-element elementor-element-fae586e e-flex e-con-boxed e-con e-parent\" data-id=\"fae586e\" data-element_type=\"container\" data-e-type=\"container\">\n\t\t\t\t\t<div class=\"e-con-inner\">\n\t\t<div class=\"elementor-element elementor-element-6b63b9a e-con-full e-flex e-con e-child\" data-id=\"6b63b9a\" data-element_type=\"container\" data-e-type=\"container\">\n\t\t\t\t<div class=\"elementor-element elementor-element-6385a28 elementor-widget elementor-widget-et_heading\" data-id=\"6385a28\" data-element_type=\"widget\" data-e-type=\"widget\" data-widget_type=\"et_heading.default\">\n\t\t\t\t<div class=\"elementor-widget-container\">\n\t\t\t\t\t<h3 class=\"et-heading\" data-delay=\"0\"><span class=\"text-wrapper\"><span class=\"text\"><span >CONT\u00c1CTENOS<\/span><\/span><\/span><\/h3>\t\t\t\t<\/div>\n\t\t\t\t<\/div>\n\t\t\t\t<div class=\"elementor-element elementor-element-b4968bf elementor-widget elementor-widget-et_text\" data-id=\"b4968bf\" data-element_type=\"widget\" data-e-type=\"widget\" data-widget_type=\"et_text.default\">\n\t\t\t\t<div class=\"elementor-widget-container\">\n\t\t\t\t\t<div class=\"et-text\"><p>Nuestra asistencia personalizada es una parte importante de Bonhomia Jewel. P\u00f3ngase en contacto con nosotros por tel\u00e9fono o correo electr\u00f3nico para obtener ayuda de nuestro equipo.<\/p><\/div>\t\t\t\t<\/div>\n\t\t\t\t<\/div>\n\t\t\t\t<div class=\"elementor-element elementor-element-6a04a73 elementor-widget elementor-widget-et_heading\" data-id=\"6a04a73\" data-element_type=\"widget\" data-e-type=\"widget\" data-widget_type=\"et_heading.default\">\n\t\t\t\t<div class=\"elementor-widget-container\">\n\t\t\t\t\t<p class=\"et-heading\" data-delay=\"0\"><span class=\"text-wrapper\"><span class=\"text\"><span class=\"icon\"><\/span><span >Direcci\u00f3n <\/span><\/span><\/span><\/p>\t\t\t\t<\/div>\n\t\t\t\t<\/div>\n\t\t\t\t<div class=\"elementor-element elementor-element-1d01e80 elementor-widget__width-initial elementor-widget elementor-widget-et_text\" data-id=\"1d01e80\" data-element_type=\"widget\" data-e-type=\"widget\" data-widget_type=\"et_text.default\">\n\t\t\t\t<div class=\"elementor-widget-container\">\n\t\t\t\t\t<div class=\"et-text\"><p><a href=\"https:\/\/www.google.com\/maps\/search\/San+Rafael,+Caguas+00725,+Puerto+Rico\/@18.2064041,-66.0344526,13.59z?hl=en-US&amp;entry=ttu&amp;g_ep=EgoyMDI0MTExMi4wIKXMDSoJLDEwMjExMjMzSAFQAw%3D%3D\">Urb San Rafael Caguas PR<\/a><\/p><\/div>\t\t\t\t<\/div>\n\t\t\t\t<\/div>\n\t\t\t\t<div class=\"elementor-element elementor-element-894f737 elementor-widget elementor-widget-et_heading\" data-id=\"894f737\" data-element_type=\"widget\" data-e-type=\"widget\" data-widget_type=\"et_heading.default\">\n\t\t\t\t<div class=\"elementor-widget-container\">\n\t\t\t\t\t<p class=\"et-heading\" data-delay=\"0\"><span class=\"text-wrapper\"><span class=\"text\"><span class=\"icon\"><\/span><span >Tel\u00e9fono<\/span><\/span><\/span><\/p>\t\t\t\t<\/div>\n\t\t\t\t<\/div>\n\t\t\t\t<div class=\"elementor-element elementor-element-6378dc7 elementor-widget__width-initial elementor-widget elementor-widget-et_text\" data-id=\"6378dc7\" data-element_type=\"widget\" data-e-type=\"widget\" data-widget_type=\"et_text.default\">\n\t\t\t\t<div class=\"elementor-widget-container\">\n\t\t\t\t\t<div class=\"et-text\"><p><a style=\"text-decoration: underline;\" href=\"tel:939-289-0640\">+1 (939) 289-0640<\/a><\/p><\/div>\t\t\t\t<\/div>\n\t\t\t\t<\/div>\n\t\t\t\t<div class=\"elementor-element elementor-element-e9a14f0 elementor-widget__width-initial elementor-widget elementor-widget-et_text\" data-id=\"e9a14f0\" data-element_type=\"widget\" data-e-type=\"widget\" data-widget_type=\"et_text.default\">\n\t\t\t\t<div class=\"elementor-widget-container\">\n\t\t\t\t\t<div class=\"et-text\">Las llamadas desde m\u00f3viles y l\u00edneas fijas dentro de EE. UU. son gratuitas.<\/div>\t\t\t\t<\/div>\n\t\t\t\t<\/div>\n\t\t\t\t<div class=\"elementor-element elementor-element-4f480d8 elementor-widget elementor-widget-et_heading\" data-id=\"4f480d8\" data-element_type=\"widget\" data-e-type=\"widget\" data-widget_type=\"et_heading.default\">\n\t\t\t\t<div class=\"elementor-widget-container\">\n\t\t\t\t\t<p class=\"et-heading\" data-delay=\"0\"><span class=\"text-wrapper\"><span class=\"text\"><span class=\"icon\"><\/span><span >Correo electr\u00f3nico<\/span><\/span><\/span><\/p>\t\t\t\t<\/div>\n\t\t\t\t<\/div>\n\t\t\t\t<div class=\"elementor-element elementor-element-0320cbb elementor-widget__width-initial elementor-widget elementor-widget-et_text\" data-id=\"0320cbb\" data-element_type=\"widget\" data-e-type=\"widget\" data-widget_type=\"et_text.default\">\n\t\t\t\t<div class=\"elementor-widget-container\">\n\t\t\t\t\t<div class=\"et-text\"><p>Por favor, utilice el formulario de contacto de esta p\u00e1gina.<\/p><\/div>\t\t\t\t<\/div>\n\t\t\t\t<\/div>\n\t\t\t\t<\/div>\n\t\t<div class=\"elementor-element elementor-element-6b7d5ae e-con-full e-flex e-con e-child\" data-id=\"6b7d5ae\" data-element_type=\"container\" data-e-type=\"container\">\n\t\t\t\t<div class=\"elementor-element elementor-element-38971a3 elementor-widget elementor-widget-et_heading\" data-id=\"38971a3\" data-element_type=\"widget\" data-e-type=\"widget\" data-widget_type=\"et_heading.default\">\n\t\t\t\t<div class=\"elementor-widget-container\">\n\t\t\t\t\t<h3 class=\"et-heading\" data-delay=\"0\"><span class=\"text-wrapper\"><span class=\"text\"><span >Escr\u00edbenos<\/span><\/span><\/span><\/h3>\t\t\t\t<\/div>\n\t\t\t\t<\/div>\n\t\t\t\t<div class=\"elementor-element elementor-element-b021e48 elementor-widget elementor-widget-shortcode\" data-id=\"b021e48\" data-element_type=\"widget\" data-e-type=\"widget\" data-widget_type=\"shortcode.default\">\n\t\t\t\t<div class=\"elementor-widget-container\">\n\t\t\t\t\t\t\t<div class=\"elementor-shortcode\">\n<div class=\"wpcf7 no-js\" id=\"wpcf7-f4051-o1\" lang=\"es-ES\" dir=\"ltr\" data-wpcf7-id=\"4051\">\n<div class=\"screen-reader-response\"><p role=\"status\" aria-live=\"polite\" aria-atomic=\"true\"><\/p> <ul><\/ul><\/div>\n<form action=\"\/es\/wp-json\/wp\/v2\/pages\/230#wpcf7-f4051-o1\" method=\"post\" class=\"wpcf7-form init\" aria-label=\"Formulario de contacto\" novalidate=\"novalidate\" data-status=\"init\" data-trp-original-action=\"\/es\/wp-json\/wp\/v2\/pages\/230#wpcf7-f4051-o1\">\n<fieldset class=\"hidden-fields-container\"><input type=\"hidden\" name=\"_wpcf7\" value=\"4051\" \/><input type=\"hidden\" name=\"_wpcf7_version\" value=\"6.1.5\" \/><input type=\"hidden\" name=\"_wpcf7_locale\" value=\"es_ES\" \/><input type=\"hidden\" name=\"_wpcf7_unit_tag\" value=\"wpcf7-f4051-o1\" \/><input type=\"hidden\" name=\"_wpcf7_container_post\" value=\"0\" \/><input type=\"hidden\" name=\"_wpcf7_posted_data_hash\" value=\"\" \/>\n<\/fieldset>\n<p><label> Nombre y apellidos<br \/>\n<span class=\"wpcf7-form-control-wrap\" data-name=\"your-name\"><input size=\"40\" maxlength=\"400\" class=\"wpcf7-form-control wpcf7-text wpcf7-validates-as-required\" autocomplete=\"name\" aria-required=\"true\" aria-invalid=\"false\" value=\"\" type=\"text\" name=\"your-name\" \/><\/span> <\/label>\n<\/p>\n<p><label> Correo electr\u00f3nico<br \/>\n<span class=\"wpcf7-form-control-wrap\" data-name=\"your-email\"><input size=\"40\" maxlength=\"400\" class=\"wpcf7-form-control wpcf7-email wpcf7-validates-as-required wpcf7-text wpcf7-validates-as-email\" autocomplete=\"email\" aria-required=\"true\" aria-invalid=\"false\" value=\"\" type=\"email\" name=\"your-email\" \/><\/span> <\/label>\n<\/p>\n<p><label> Asunto<br \/>\n<span class=\"wpcf7-form-control-wrap\" data-name=\"your-subject\"><input size=\"40\" maxlength=\"400\" class=\"wpcf7-form-control wpcf7-text wpcf7-validates-as-required\" aria-required=\"true\" aria-invalid=\"false\" value=\"\" type=\"text\" name=\"your-subject\" \/><\/span> <\/label>\n<\/p>\n<p><label> Mensaje<br \/>\n<span class=\"wpcf7-form-control-wrap\" data-name=\"your-message\"><textarea cols=\"40\" rows=\"10\" maxlength=\"2000\" class=\"wpcf7-form-control wpcf7-textarea\" aria-invalid=\"false\" name=\"your-message\"><\/textarea><\/span> <\/label>\n<\/p>\n<p><input class=\"wpcf7-form-control wpcf7-submit has-spinner\" type=\"submit\" value=\"Enviar Mensaje\" \/>\n<\/p><div class=\"wpcf7-response-output\" aria-hidden=\"true\"><\/div>\n<input type=\"hidden\" name=\"trp-form-language\" value=\"es\"\/><\/form>\n<\/div>\n<\/div>\n\t\t\t\t\t\t<\/div>\n\t\t\t\t<\/div>\n\t\t\t\t<\/div>\n\t\t\t\t\t<\/div>\n\t\t\t\t<\/div>\n\t\t\t\t<\/div>","protected":false},"excerpt":{"rendered":"<p>CONTACTS Our one-to-one support is a big part of Bonhomia Jewel. Contact us by phone or email to get help from our qualified team. Address: Urb San Rafael Caguas PR Phone: +1 (939) 289-0640 Calls from mobile and landlines within USA are free Email: Please use the contact form on this page. Write to us<\/p>","protected":false},"author":1,"featured_media":0,"parent":0,"menu_order":0,"comment_status":"closed","ping_status":"closed","template":"elementor_header_footer","meta":{"footnotes":""},"class_list":["post-230","page","type-page","status-publish","hentry"],"_links":{"self":[{"href":"https:\/\/bjjewelpr.com\/es\/wp-json\/wp\/v2\/pages\/230","targetHints":{"allow":["GET"]}}],"collection":[{"href":"https:\/\/bjjewelpr.com\/es\/wp-json\/wp\/v2\/pages"}],"about":[{"href":"https:\/\/bjjewelpr.com\/es\/wp-json\/wp\/v2\/types\/page"}],"author":[{"embeddable":true,"href":"https:\/\/bjjewelpr.com\/es\/wp-json\/wp\/v2\/users\/1"}],"replies":[{"embeddable":true,"href":"https:\/\/bjjewelpr.com\/es\/wp-json\/wp\/v2\/comments?post=230"}],"version-history":[{"count":39,"href":"https:\/\/bjjewelpr.com\/es\/wp-json\/wp\/v2\/pages\/230\/revisions"}],"predecessor-version":[{"id":4516,"href":"https:\/\/bjjewelpr.com\/es\/wp-json\/wp\/v2\/pages\/230\/revisions\/4516"}],"wp:attachment":[{"href":"https:\/\/bjjewelpr.com\/es\/wp-json\/wp\/v2\/media?parent=230"}],"curies":[{"name":"wp","href":"https:\/\/api.w.org\/{rel}","templated":true}]}}